{"id":6,"date":"2013-01-18T01:06:23","date_gmt":"2013-01-18T00:06:23","guid":{"rendered":"http:\/\/www.medien-capitain.de\/?page_id=6"},"modified":"2021-12-28T12:59:38","modified_gmt":"2021-12-28T11:59:38","slug":"uber-mich","status":"publish","type":"page","link":"http:\/\/www.medien-capitain.de\/?page_id=6","title":{"rendered":"Von der Br\u00fccke"},"content":{"rendered":"\n<div class=\"wp-block-image\"><figure class=\"alignright\"><img fetchpriority=\"high\" decoding=\"async\" width=\"300\" height=\"300\" src=\"http:\/\/www.medien-capitain.de\/wp-content\/uploads\/2013\/01\/tanne8-300x300.jpg\" alt=\"tanne8\" class=\"wp-image-253\" srcset=\"http:\/\/www.medien-capitain.de\/wp-content\/uploads\/2013\/01\/tanne8-300x300.jpg 300w, http:\/\/www.medien-capitain.de\/wp-content\/uploads\/2013\/01\/tanne8-150x150.jpg 150w, http:\/\/www.medien-capitain.de\/wp-content\/uploads\/2013\/01\/tanne8-1024x1024.jpg 1024w, http:\/\/www.medien-capitain.de\/wp-content\/uploads\/2013\/01\/tanne8.jpg 1181w\" sizes=\"(max-width: 300px) 100vw, 300px\" \/><\/figure><\/div>\n\n\n\n<p class=\"has-text-align-left\"><strong>Projekte und ihre Geschichten.<\/strong> Tani Capitain ist 1972 in Haltern am See geboren und arbeitet seit den 90er Jahren als Autor und Texter vorrangig im Ruhrgebiet sowie in D\u00fcsseldorf.<br><br>Auf den Spielwiesen von Projektentwicklung, Redaktion, PR, Social Media und Werbetext sucht er immer ein konkretes kommunikatives Ziel: die erz\u00e4hlbare Geschichte. Jedes Wesen, jedes noch so unscheinbare Teilchen, ist in der Lage, uns seine Geschichte zu erz\u00e4hlen. Es kommt nur auf den Blickwinkel an. Der darf gerne schr\u00e4g sein und zu Kleinoden abseits der ausgetreten Wege f\u00fchren \u2013 oder ein Produkt aus ungew\u00f6hnlicher Perspektive pr\u00e4sentieren.<br><br>Streng verboten sind ausgebrannte Klischees, wie beispielsweise die alten Mottenkugeln aus Kohle und Stahl, die immer wieder gerne bem\u00fcht wurden.<br>Die aktuelle Generation von Ruhr-Kreativen ist da schon einen Schritt weiter, der Wandel l\u00e4ngst vollzogen. Unsere Arbeit ist nicht von bleischweren Mythen umwoben, sondern eine simple Folge sch\u00f6ner Ideen.<\/p>\n","protected":false},"excerpt":{"rendered":"<p>Projekte und ihre Geschichten. Tani Capitain ist 1972 in Haltern am See geboren und arbeitet seit den 90er Jahren als Autor und Texter vorrangig im Ruhrgebiet sowie in D\u00fcsseldorf. Auf den Spielwiesen von Projektentwicklung, Redaktion, PR, Social Media und Werbetext sucht er immer ein konkretes kommunikatives Ziel: die erz\u00e4hlbare Geschichte. Jedes Wesen, jedes noch so&hellip; <a class=\"more-link\" href=\"http:\/\/www.medien-capitain.de\/?page_id=6\">Continue reading &rarr;<\/a><\/p>\n","protected":false},"author":1,"featured_media":0,"parent":0,"menu_order":2,"comment_status":"closed","ping_status":"closed","template":"","meta":{"footnotes":""},"class_list":["post-6","page","type-page","status-publish","hentry"],"_links":{"self":[{"href":"http:\/\/www.medien-capitain.de\/index.php?rest_route=\/wp\/v2\/pages\/6","targetHints":{"allow":["GET"]}}],"collection":[{"href":"http:\/\/www.medien-capitain.de\/index.php?rest_route=\/wp\/v2\/pages"}],"about":[{"href":"http:\/\/www.medien-capitain.de\/index.php?rest_route=\/wp\/v2\/types\/page"}],"author":[{"embeddable":true,"href":"http:\/\/www.medien-capitain.de\/index.php?rest_route=\/wp\/v2\/users\/1"}],"replies":[{"embeddable":true,"href":"http:\/\/www.medien-capitain.de\/index.php?rest_route=%2Fwp%2Fv2%2Fcomments&post=6"}],"version-history":[{"count":25,"href":"http:\/\/www.medien-capitain.de\/index.php?rest_route=\/wp\/v2\/pages\/6\/revisions"}],"predecessor-version":[{"id":691,"href":"http:\/\/www.medien-capitain.de\/index.php?rest_route=\/wp\/v2\/pages\/6\/revisions\/691"}],"wp:attachment":[{"href":"http:\/\/www.medien-capitain.de\/index.php?rest_route=%2Fwp%2Fv2%2Fmedia&parent=6"}],"curies":[{"name":"wp","href":"https:\/\/api.w.org\/{rel}","templated":true}]}}